{"id":8064,"date":"2025-09-25T10:58:33","date_gmt":"2025-09-25T08:58:33","guid":{"rendered":"https:\/\/ghibli.hu\/szechenyi-2020\/"},"modified":"2026-01-29T18:37:48","modified_gmt":"2026-01-29T17:37:48","slug":"szechenyi-2020","status":"publish","type":"page","link":"https:\/\/ghibli.hu\/en\/szechenyi-2020\/","title":{"rendered":"Sz\u00e9chenyi 2020"},"content":{"rendered":"<section class=\"l-section wpb_row us_custom_b4baea2b height_auto\"><div class=\"l-section-h i-cf\"><div class=\"g-cols vc_row via_grid cols_1 laptops-cols_inherit tablets-cols_inherit mobiles-cols_1 valign_top type_default stacking_default\"><div class=\"wpb_column vc_column_container\"><div class=\"vc_column-inner\"><\/div><\/div><\/div><\/div><\/section><section class=\"l-section wpb_row height_large\"><div class=\"l-section-h i-cf\"><div class=\"g-cols vc_row via_grid cols_1 laptops-cols_inherit tablets-cols_inherit mobiles-cols_1 valign_top type_default stacking_default\"><div class=\"wpb_column vc_column_container\"><div class=\"vc_column-inner\"><h1 class=\"w-text\"><span class=\"w-text-h\"><span class=\"w-text-value\">Sz\u00e9chenyi 2020<\/span><\/span><\/h1><div class=\"wpb_text_column\"><div class=\"wpb_wrapper\"><h2>Ghibli Rakt\u00e1rlogisztika Kft.&#8217;s Technology Development Project <\/h2>\n<ul>\n<li>Beneficiary name:<span> <\/span><strong>GHIBLI RAKT\u00c1RLOGISZTIKA Szolg\u00e1ltat\u00f3 Korl\u00e1tolt Felel\u0151ss\u00e9g\u0171 T\u00e1rsas\u00e1g<\/strong><\/li>\n<li>Amount of non-refundable grant:<span> <\/span><strong>65,025,095 Forints<\/strong><\/li>\n<li>Grant rate:<span> <\/span><strong>69.99%<\/strong><\/li>\n<li>Project content description:<\/li>\n<\/ul>\n<p>Ghibli Rakt\u00e1rlogisztika Kft., established in 2009, primarily focuses on warehousing and storage. Our site has over 16,000 m2, including the warehouse area and the necessary administrative and other warehousing-related activity areas (e.g., packaging, unit load formation, etc.).  <\/p>\n<p>We handle both domestic and international shipments in cross-dock and conventional storage systems. We provide various unique and value-added services, such as: crane-assisted loading\/unloading, storage in public customs warehouses, labeling, (re)packaging, neutralization, pre-production operations, etc. <\/p>\n<p>To provide faster and more flexible service to our clients, a reliably and stably operating machinery fleet is essential, along with the acquisition and use of newer, more comfortable, efficient, and ergonomic work tools for our employees.<\/p>\n<p>Our current fleet consists of a total of 21 forklifts, most of which are counterbalance forklifts, but we also use narrow-aisle high-level order pickers, reach trucks, and low-lift powered pallet trucks.<\/p>\n<p>During the project implementation, we need a significant expansion of our fleet because our warehouse staff working in overlapping shifts are forced to wait for each other or work with low-lift hand pallet trucks due to the small number of machines. This significantly reduces the efficiency and speed of the work process. <\/p>\n<p>We also want to expand our storage capacities by converting block storage areas into racked storage areas, which necessitates the acquisition of new specialized machines (narrow-aisle high-level order pickers or reach trucks, depending on rack design and space utilization) and racking shelves.<\/p>\n<p>By expanding our IT equipment, we aim to make work organization and execution more efficient. By acquiring portable tablets for shift leaders, we can reduce their administrative tasks and facilitate immediate information flow, eliminating unnecessary waiting times and potential errors. For our warehouse staff, we also intend to replace paper-based operations by acquiring handheld scanner devices.  <\/p>\n<p>In addition to acquiring hardware, we also need to procure supporting software to digitize our current and future workflows.<\/p>\n<p>For the planned developments, the acquisition of Wi-Fi devices with adequate signal strength in the warehouse halls is also indispensable, ensuring the seamless operation of newer data handling devices (optical scanners and shift leader tablets).<\/p>\n<p>In summary, our current machinery fleet does not meet our present and anticipated future customer demands, neither in terms of quantity nor technical standard. Our company aims to implement these investments to maintain its competitiveness and adapt to customer needs. <\/p>\n<p>Within the framework of this project, our goal is to expand our machinery fleet, acquire specialized forklifts, and convert some of our block storage areas into racked storage areas, which will multiply our storage capacity. Following this investment, we will be able to introduce new services and cater to specific customer needs (e.g., serving e-commerce clients). <\/p>\n<p>By increasing our equipment fleet, we would also proportionally increase our workforce, thereby guaranteeing significant technological development and employment.<\/p>\n<p>The acquisition of new equipment can automatically increase employee satisfaction and morale (proportionally reducing turnover), which in turn leads to an improvement in work quality, increased revenue and profit. Thus, our medium-term plans also include expanding our client base, wages, and headcount.<\/p>\n<p>Project completion date:<span> <\/span><strong>2021-12-07<\/strong><br \/>\nProject identification number:<span> <\/span><strong>VEKOP-1.2.6-20-2020-00937<\/strong><\/p>\n<\/div><\/div><div class=\"w-separator size_medium\"><\/div><div class=\"w-image align_right\"><div class=\"w-image-h\"><img decoding=\"async\" width=\"512\" height=\"360\" src=\"https:\/\/ghibli.hu\/wp-content\/uploads\/2025\/09\/szechenyi-2020.png\" class=\"attachment-large size-large\" alt=\"\" loading=\"lazy\" srcset=\"https:\/\/ghibli.hu\/wp-content\/uploads\/2025\/09\/szechenyi-2020.png 512w, https:\/\/ghibli.hu\/wp-content\/uploads\/2025\/09\/szechenyi-2020-300x211.png 300w\" sizes=\"auto, (max-width: 512px) 100vw, 512px\" title=\"\"><\/div><\/div><\/div><\/div><\/div><\/div><\/section>\n","protected":false},"excerpt":{"rendered":"Sz\u00e9chenyi 2020Ghibli Rakt\u00e1rlogisztika Kft.&#8217;s Technology Development Project Beneficiary name: GHIBLI RAKT\u00c1RLOGISZTIKA Szolg\u00e1ltat\u00f3 Korl\u00e1tolt Felel\u0151ss\u00e9g\u0171 T\u00e1rsas\u00e1g Amount of non-refundable grant: 65,025,095 Forints Grant rate: 69.99% Project content description: Ghibli Rakt\u00e1rlogisztika Kft., established in 2009, primarily focuses on warehousing and storage. Our site has over 16,000 m2, including the warehouse area and the necessary administrative and other...","protected":false},"author":2,"featured_media":0,"parent":0,"menu_order":0,"comment_status":"closed","ping_status":"closed","template":"","meta":{"_acf_changed":false,"footnotes":""},"class_list":["post-8064","page","type-page","status-publish","hentry"],"acf":[],"_links":{"self":[{"href":"https:\/\/ghibli.hu\/en\/wp-json\/wp\/v2\/pages\/8064","targetHints":{"allow":["GET"]}}],"collection":[{"href":"https:\/\/ghibli.hu\/en\/wp-json\/wp\/v2\/pages"}],"about":[{"href":"https:\/\/ghibli.hu\/en\/wp-json\/wp\/v2\/types\/page"}],"author":[{"embeddable":true,"href":"https:\/\/ghibli.hu\/en\/wp-json\/wp\/v2\/users\/2"}],"replies":[{"embeddable":true,"href":"https:\/\/ghibli.hu\/en\/wp-json\/wp\/v2\/comments?post=8064"}],"version-history":[{"count":0,"href":"https:\/\/ghibli.hu\/en\/wp-json\/wp\/v2\/pages\/8064\/revisions"}],"wp:attachment":[{"href":"https:\/\/ghibli.hu\/en\/wp-json\/wp\/v2\/media?parent=8064"}],"curies":[{"name":"wp","href":"https:\/\/api.w.org\/{rel}","templated":true}]}}