{"id":8117,"date":"2025-09-16T17:32:30","date_gmt":"2025-09-16T15:32:30","guid":{"rendered":"https:\/\/ghibli.hu\/our-services\/international-freight-forwarding\/"},"modified":"2026-01-29T18:41:11","modified_gmt":"2026-01-29T17:41:11","slug":"international-freight-forwarding","status":"publish","type":"page","link":"https:\/\/ghibli.hu\/en\/our-services\/international-freight-forwarding\/","title":{"rendered":"International Freight Forwarding"},"content":{"rendered":"<section class=\"l-section wpb_row us_custom_fc25a540 hero-gradient height_huge with_video\"><div id=\"us_bg_video_j143\" class=\"l-section-video\"><script id=\"us_bg_video_j143-script\">!function(w){var node = document.getElementById( 'us_bg_video_j143' );if ( w.innerWidth <= 100 ) { node.remove() }}(window);<\/script><style>@media(max-width:100px){#us_bg_video_j143{display:none!important}}<\/style><video  autoplay loop muted playsinline preload=\"auto\" tabindex=\"-1\"><source type=\"video\/mp4\" src=\"https:\/\/ghibli.hu\/wp-content\/uploads\/2025\/12\/Ghibli_header_03_Nemzetkozi.mp4\" \/><\/video><\/div><div class=\"l-section-h i-cf\"><div class=\"g-cols vc_row via_grid cols_2 laptops-cols_1 tablets-cols_1 mobiles-cols_1 valign_middle type_default stacking_default\" style=\"--columns-gap:0.7rem;\"><div class=\"wpb_column vc_column_container\"><div class=\"vc_column-inner\"><nav class=\"g-breadcrumbs us_custom_3f67b8bb has_text_color us_animate_this separator_icon align_none\" itemscope itemtype=\"http:\/\/schema.org\/BreadcrumbList\"><div class=\"g-breadcrumbs-item\" itemscope itemprop=\"itemListElement\" itemtype=\"http:\/\/schema.org\/ListItem\"><a itemprop=\"item\" href=\"https:\/\/ghibli.hu\/en\/\"><span itemprop=\"name\">Home<\/span><\/a><meta itemprop=\"position\" content=\"1\"\/><\/div><div class=\"g-breadcrumbs-separator\"><i class=\"far fa-angle-right\"><\/i><\/div><div class=\"g-breadcrumbs-item\">Pages<\/div><\/nav><div class=\"w-separator size_small\"><\/div><h1 class=\"w-text us_custom_d586812d has_text_color us_animate_this\"><span class=\"w-text-h\"><span class=\"w-text-value\">International Freight Forwarding<\/span><\/span><\/h1><div class=\"wpb_text_column us_custom_26537886 has_text_color us_animate_this\"><div class=\"wpb_wrapper\"><p><strong>Teljes k\u00f6r\u0171 nemzetk\u00f6zi sz\u00e1ll\u00edtm\u00e1nyoz\u00e1si megold\u00e1sokat k\u00edn\u00e1lunk.<\/strong> Komplett, r\u00e9szrakom\u00e1nyos, expressz, gy\u0171jt\u0151, t\u00falm\u00e9retes, t\u00fals\u00falyos, vesz\u00e9lyes \u00e9s speci\u00e1lis fuvarokat is v\u00e1llalunk eg\u00e9sz Eur\u00f3p\u00e1ban. Gyors, biztons\u00e1gos \u00e9s rugalmas szolg\u00e1ltat\u00e1sainkkal gondoskodunk r\u00f3la, hogy \u00e1ruja mindig id\u0151ben \u00e9s \u00e9ps\u00e9gben \u00e9rjen c\u00e9lba.<\/p>\n<\/div><\/div><div class=\"w-separator size_medium\"><\/div><div class=\"w-btn-wrapper align_none\"><a class=\"w-btn us-btn-style_1 us_custom_b2f4715f us_animate_this icon_atright\" href=\"#kapcsolat\"><span class=\"w-btn-label\">AJ\u00c1NLATOT K\u00c9REK<\/span><i class=\"material-icons\">east<\/i><\/a><\/div><\/div><\/div><div class=\"wpb_column vc_column_container\"><div class=\"vc_column-inner\"><\/div><\/div><\/div><\/div><\/section><section class=\"l-section wpb_row height_large\"><div class=\"l-section-h i-cf\"><div class=\"g-cols vc_row via_grid cols_1 laptops-cols_inherit tablets-cols_inherit mobiles-cols_1 valign_top type_default stacking_default\"><div class=\"wpb_column vc_column_container\"><div class=\"vc_column-inner\"><h2 class=\"w-text us_custom_60e9caca us_animate_this\"><span class=\"w-text-h\"><span class=\"w-text-value\">Nemzetk\u00f6zi fuvaroz\u00e1si megold\u00e1saink<\/span><\/span><\/h2><\/div><\/div><div class=\"wpb_column vc_column_container\"><div class=\"vc_column-inner\"><div class=\"g-cols wpb_row height--stretch via_grid cols_3 laptops-cols_inherit tablets-cols_1 mobiles-cols_1 valign_top type_default stacking_default\" style=\"--columns-gap:40px;--laptops-columns-gap:40px;--tablets-columns-gap:40px;--mobiles-columns-gap:30px;\"><div class=\"wpb_column vc_column_container us_custom_60e9caca us_animate_this\"><div class=\"vc_column-inner\"><div class=\"w-hwrapper us_custom_cbf94e1d valign_top align_none\"><div class=\"w-html\"><lord-icon\n    src=\"https:\/\/cdn.lordicon.com\/bnxnryzv.json\"\n    trigger=\"loop\"\n    stroke=\"bold\"\n    colors=\"primary:#1B2A42,secondary:#38b6ff\"\n    style=\"width:80px;height:80px\">\n<\/lord-icon><\/div><div class=\"wpb_text_column\"><div class=\"wpb_wrapper\"><p>Saj\u00e1t, modern \u00e9s k\u00f6rnyezetbar\u00e1t j\u00e1rm\u0171parkunk mellett 300 szerz\u0151d\u00e9ses \u00e9s 1200 min\u0151s\u00edtett alv\u00e1llalkoz\u00f3 partner \u00e1ll rendelkez\u00e9sre, \u00edgy mindig biztos\u00edtani tudjuk a kell\u0151 kapacit\u00e1st.<\/p>\n<\/div><\/div><\/div><\/div><\/div><div class=\"wpb_column vc_column_container us_custom_ca547909 us_animate_this\"><div class=\"vc_column-inner\"><div class=\"w-hwrapper us_custom_cbf94e1d valign_top align_none\"><div class=\"w-html\"><lord-icon\n    src=\"https:\/\/cdn.lordicon.com\/kqsbkjmb.json\"\n    trigger=\"loop\"\n    stroke=\"bold\"\n    colors=\"primary:#1B2A42,secondary:#38b6ff\"\n    style=\"width:80px;height:80px\">\n<\/lord-icon><\/div><div class=\"wpb_text_column\"><div class=\"wpb_wrapper\"><p>Szakk\u00e9pzett, t\u00f6bb nyelven besz\u00e9l\u0151 munkat\u00e1rsaink \u00e9s dedik\u00e1lt kapcsolattart\u00f3ink gondoskodnak a g\u00f6rd\u00fcl\u00e9keny \u00e9s \u00e1tl\u00e1that\u00f3 \u00fcgyint\u00e9z\u00e9sr\u0151l.<\/p>\n<\/div><\/div><\/div><\/div><\/div><div class=\"wpb_column vc_column_container us_custom_329632bf us_animate_this\"><div class=\"vc_column-inner\"><div class=\"w-hwrapper us_custom_cbf94e1d valign_top align_none\"><div class=\"w-html\"><lord-icon\n    src=\"https:\/\/cdn.lordicon.com\/orpwzkvp.json\"\n    trigger=\"loop\"\n    stroke=\"bold\"\n    colors=\"primary:#1B2A42,secondary:#38b6ff\"\n    style=\"width:80px;height:80px\">\n<\/lord-icon><\/div><div class=\"wpb_text_column\"><div class=\"wpb_wrapper\"><p>Korszer\u0171 digit\u00e1lis eszk\u00f6zeink maxim\u00e1lis \u00e1tl\u00e1that\u00f3s\u00e1got garant\u00e1lnak \u2013 nyomk\u00f6vet\u00e9s, mobilapplik\u00e1ci\u00f3 CMR visszaforgat\u00e1ssal \u00e9s fuvarst\u00e1tusz-inform\u00e1ci\u00f3val, valamint online riportokkal.<\/p>\n<\/div><\/div><\/div><\/div><\/div><\/div><\/div><\/div><div class=\"wpb_column vc_column_container\"><div class=\"vc_column-inner\"><div class=\"w-btn-wrapper align_none\"><a class=\"w-btn us-btn-style_1 us_custom_d7f786c4 us_animate_this icon_atright\" href=\"#kapcsolat\"><span class=\"w-btn-label\">AJ\u00c1NLATOT K\u00c9REK<\/span><i class=\"material-icons\">east<\/i><\/a><\/div><\/div><\/div><\/div><\/div><\/section><section class=\"l-section wpb_row height_large\"><div class=\"l-section-h i-cf\"><div class=\"g-cols vc_row via_grid cols_2 laptops-cols_inherit tablets-cols_1 mobiles-cols_1 valign_middle type_default stacking_default\"><div class=\"wpb_column vc_column_container us_custom_2183bb1c us_animate_this stretched\"><div class=\"vc_column-inner\"><div class=\"w-image us_custom_73c9dc32 portfolio-card--gradient align_none\"><div class=\"w-image-h\"><img decoding=\"async\" width=\"960\" height=\"640\" src=\"https:\/\/ghibli.hu\/wp-content\/uploads\/2025\/12\/Hogyan-dolgozunk_-1.webp\" class=\"attachment-full size-full\" alt=\"\" loading=\"lazy\" srcset=\"https:\/\/ghibli.hu\/wp-content\/uploads\/2025\/12\/Hogyan-dolgozunk_-1.webp 960w, https:\/\/ghibli.hu\/wp-content\/uploads\/2025\/12\/Hogyan-dolgozunk_-1-300x200.webp 300w\" sizes=\"auto, (max-width: 960px) 100vw, 960px\" title=\"\"><\/div><\/div><\/div><\/div><div class=\"wpb_column vc_column_container us_custom_ba870b58 us_animate_this\"><div class=\"vc_column-inner\"><h2 class=\"w-text\"><span class=\"w-text-h\"><span class=\"w-text-value\">Hogyan dolgozunk?<\/span><\/span><\/h2><div class=\"wpb_text_column\"><div class=\"wpb_wrapper\"><p>Nemzetk\u00f6zi fuvarjait <strong>szem\u00e9lyre szabott \u00fatvonaltervez\u00e9ssel<\/strong> \u00e9s modern logisztikai eszk\u00f6z\u00f6kkel szervezz\u00fck meg, hogy gyorsan, pontosan \u00e9s k\u00f6lts\u00e9ghat\u00e9konyan \u00e9rjenek c\u00e9lba.<\/p>\n<p><strong>Saj\u00e1t, 100 j\u00e1rm\u0171b\u0151l \u00e1ll\u00f3 flott\u00e1nk<\/strong> \u00e9s t\u00f6bb mint ezer min\u0151s\u00edtett alv\u00e1llalkoz\u00f3i partner\u00fcnk biztos\u00edtja a folyamatos kapacit\u00e1st \u00e9s a rugalmass\u00e1got.<\/p>\n<p>Komplex logisztikai szolg\u00e1ltat\u00f3k\u00e9nt nemcsak a sz\u00e1ll\u00edt\u00e1st, hanem a s<strong>z\u00e1ll\u00edtm\u00e1nyai v\u00e1mkezel\u00e9s\u00e9t \u00e9s rakt\u00e1roz\u00e1s\u00e1z is r\u00e1nk b\u00edzhatja<\/strong>. Minden nemzetk\u00f6zi fuvaroz\u00e1si ig\u00e9nyre teljes k\u00f6r\u0171 megold\u00e1st ny\u00fajtunk.<\/p>\n<\/div><\/div><div class=\"w-separator size_medium\"><\/div><div class=\"w-btn-wrapper align_none\"><a class=\"w-btn us-btn-style_1 us_custom_f059072c us_animate_this icon_atright\" href=\"#kapcsolat\"><span class=\"w-btn-label\">AJ\u00c1NLATOT K\u00c9REK<\/span><i class=\"material-icons\">east<\/i><\/a><\/div><\/div><\/div><\/div><\/div><\/section><section class=\"l-section wpb_row height_auto width_full\"><div class=\"l-section-h i-cf\"><div class=\"g-cols vc_row via_grid cols_1 laptops-cols_inherit tablets-cols_inherit mobiles-cols_1 valign_top type_default stacking_default\"><div class=\"wpb_column vc_column_container\"><div class=\"vc_column-inner\"><section class=\"l-section wpb_row us_custom_6e80e87f height_large\"><div class=\"l-section-h i-cf\"><div class=\"g-cols vc_row via_grid cols_1 laptops-cols_inherit tablets-cols_inherit mobiles-cols_1 valign_top type_default stacking_default\"><div class=\"wpb_column vc_column_container\"><div class=\"vc_column-inner\"><h2 class=\"w-text us_custom_60e9caca us_animate_this\"><span class=\"w-text-h\"><span class=\"w-text-value\">Why choose Ghibli?<\/span><\/span><\/h2><\/div><\/div><div class=\"wpb_column vc_column_container\"><div class=\"vc_column-inner\"><div class=\"g-cols wpb_row us_custom_9de87d4e height--stretch via_grid cols_4 laptops-cols_inherit tablets-cols_2 mobiles-cols_1 valign_top type_default stacking_default\" style=\"--columns-gap:40px;--laptops-columns-gap:40px;--tablets-columns-gap:30px;--mobiles-columns-gap:30px;\"><div class=\"wpb_column vc_column_container us_custom_60e9caca us_animate_this\"><div class=\"vc_column-inner\"><div class=\"w-vwrapper us_custom_a9df3a89 align_center valign_middle\" style=\"--vwrapper-gap:16px\"><div class=\"w-html\"><lord-icon src=\"https:\/\/cdn.lordicon.com\/illfwbol.json\" trigger=\"loop\" stroke=\"bold\" colors=\"primary:#1B2A42,secondary:#38b6ff\" style=\"width:80px;height:80px\">\n<\/lord-icon><\/div><span class=\"w-text us_custom_1e0e9307 bicolor\"><span class=\"w-text-h\"><span class=\"w-text-value\">We have over 30 years of experience in the international logistics market.<\/span><\/span><\/span><\/div><\/div><\/div><div class=\"wpb_column vc_column_container us_custom_b6355cd2 us_animate_this\"><div class=\"vc_column-inner\"><div class=\"w-vwrapper us_custom_a9df3a89 align_center valign_middle\" style=\"--vwrapper-gap:16px\"><div class=\"w-html\"><lord-icon src=\"https:\/\/cdn.lordicon.com\/lagziwcr.json\" trigger=\"loop\" stroke=\"bold\" colors=\"primary:#1B2A42,secondary:#38b6ff\" style=\"width:80px;height:80px\">\n<\/lord-icon><\/div><span class=\"w-text us_custom_1e0e9307 bicolor\"><span class=\"w-text-h\"><span class=\"w-text-value\">We operate with 99.72% delivery accuracy.<\/span><\/span><\/span><\/div><\/div><\/div><div class=\"wpb_column vc_column_container us_custom_ca547909 us_animate_this\"><div class=\"vc_column-inner\"><div class=\"w-vwrapper us_custom_a9df3a89 align_center valign_middle\" style=\"--vwrapper-gap:16px\"><div class=\"w-html\"><lord-icon src=\"https:\/\/cdn.lordicon.com\/qjznhrnk.json\" trigger=\"loop\" stroke=\"bold\" colors=\"primary:#1B2A42,secondary:#38b6ff\" style=\"width:80px;height:80px\">\n<\/lord-icon><\/div><span class=\"w-text us_custom_1e0e9307 bicolor\"><span class=\"w-text-h\"><span class=\"w-text-value\">We fulfill transports with our own fleet and tail-lift vehicles.<\/span><\/span><\/span><\/div><\/div><\/div><div class=\"wpb_column vc_column_container us_custom_575b987f us_animate_this\"><div class=\"vc_column-inner\"><div class=\"w-vwrapper us_custom_a9df3a89 align_center valign_middle\" style=\"--vwrapper-gap:16px\"><div class=\"w-html\"><lord-icon src=\"https:\/\/cdn.lordicon.com\/vnlbhttp.json\" trigger=\"loop\" stroke=\"bold\" colors=\"primary:#1B2A42,secondary:#38b6ff\" style=\"width:80px;height:80px\">\n<\/lord-icon><\/div><span class=\"w-text us_custom_1e0e9307 bicolor\"><span class=\"w-text-h\"><span class=\"w-text-value\">We ship with 300 contracted and 1200 qualified partners.<\/span><\/span><\/span><\/div><\/div><\/div><div class=\"wpb_column vc_column_container us_custom_60e9caca us_animate_this\"><div class=\"vc_column-inner\"><div class=\"w-vwrapper us_custom_a9df3a89 align_center valign_middle\" style=\"--vwrapper-gap:16px\"><div class=\"w-html\"><lord-icon src=\"https:\/\/cdn.lordicon.com\/orpwzkvp.json\" trigger=\"loop\" stroke=\"bold\" colors=\"primary:#1B2A42,secondary:#38b6ff\" style=\"width:80px;height:80px\">\n<\/lord-icon><\/div><span class=\"w-text us_custom_1e0e9307 bicolor\"><span class=\"w-text-h\"><span class=\"w-text-value\">Our staff consists of highly qualified, multilingual logistics experts.<\/span><\/span><\/span><\/div><\/div><\/div><div class=\"wpb_column vc_column_container us_custom_b6355cd2 us_animate_this\"><div class=\"vc_column-inner\"><div class=\"w-vwrapper us_custom_a9df3a89 align_center valign_middle\" style=\"--vwrapper-gap:16px\"><div class=\"w-html\"><lord-icon src=\"https:\/\/cdn.lordicon.com\/hmpomorl.json\" trigger=\"loop\" stroke=\"bold\" colors=\"primary:#1B2A42,secondary:#38b6ff\" style=\"width:80px;height:80px\">\n<\/lord-icon><\/div><span class=\"w-text us_custom_1e0e9307 bicolor\"><span class=\"w-text-h\"><span class=\"w-text-value\">We provide you with a dedicated contact person.<\/span><\/span><\/span><\/div><\/div><\/div><div class=\"wpb_column vc_column_container us_custom_ca547909 us_animate_this\"><div class=\"vc_column-inner\"><div class=\"w-vwrapper us_custom_a9df3a89 align_center valign_middle\" style=\"--vwrapper-gap:16px\"><div class=\"w-html\"><lord-icon src=\"https:\/\/cdn.lordicon.com\/htdltcjw.json\" trigger=\"loop\" stroke=\"bold\" colors=\"primary:#1B2A42,secondary:#38b6ff\" style=\"width:80px;height:80px\">\n<\/lord-icon><\/div><span class=\"w-text us_custom_1e0e9307 bicolor\"><span class=\"w-text-h\"><span class=\"w-text-value\">Our digital solutions also provide tracking and a mobile application.<\/span><\/span><\/span><\/div><\/div><\/div><div class=\"wpb_column vc_column_container us_custom_575b987f us_animate_this\"><div class=\"vc_column-inner\"><div class=\"w-vwrapper us_custom_a9df3a89 align_center valign_middle\" style=\"--vwrapper-gap:16px\"><div class=\"w-html\"><lord-icon src=\"https:\/\/cdn.lordicon.com\/drlfxosw.json\" trigger=\"loop\" stroke=\"bold\" colors=\"primary:#1B2A42,secondary:#38b6ff\" style=\"width:80px;height:80px\">\n<\/lord-icon><\/div><span class=\"w-text us_custom_1e0e9307 bicolor\"><span class=\"w-text-h\"><span class=\"w-text-value\">We offer comprehensive logistics services.<\/span><\/span><\/span><\/div><\/div><\/div><\/div><\/div><\/div><div class=\"wpb_column vc_column_container\"><div class=\"vc_column-inner\"><div class=\"w-btn-wrapper align_none\"><a class=\"w-btn us-btn-style_6 us_custom_a4b24d6b us_animate_this icon_atright\" href=\"#kapcsolat\"><span class=\"w-btn-label\">REQUEST A QUOTE<\/span><i class=\"material-icons\">east<\/i><\/a><\/div><\/div><\/div><\/div><\/div><\/section>\n<\/div><\/div><\/div><\/div><\/section>\n","protected":false},"excerpt":{"rendered":"HomePagesInternational Freight ForwardingTeljes k\u00f6r\u0171 nemzetk\u00f6zi sz\u00e1ll\u00edtm\u00e1nyoz\u00e1si megold\u00e1sokat k\u00edn\u00e1lunk. Komplett, r\u00e9szrakom\u00e1nyos, expressz, gy\u0171jt\u0151, t\u00falm\u00e9retes, t\u00fals\u00falyos, vesz\u00e9lyes \u00e9s speci\u00e1lis fuvarokat is v\u00e1llalunk eg\u00e9sz Eur\u00f3p\u00e1ban. Gyors, biztons\u00e1gos \u00e9s rugalmas szolg\u00e1ltat\u00e1sainkkal gondoskodunk r\u00f3la, hogy \u00e1ruja mindig id\u0151ben \u00e9s \u00e9ps\u00e9gben \u00e9rjen c\u00e9lba. AJ\u00c1NLATOT K\u00c9REKeastNemzetk\u00f6zi fuvaroz\u00e1si megold\u00e1saink Saj\u00e1t, modern \u00e9s k\u00f6rnyezetbar\u00e1t j\u00e1rm\u0171parkunk mellett 300 szerz\u0151d\u00e9ses \u00e9s 1200 min\u0151s\u00edtett alv\u00e1llalkoz\u00f3 partner \u00e1ll...","protected":false},"author":2,"featured_media":8075,"parent":8082,"menu_order":0,"comment_status":"closed","ping_status":"closed","template":"","meta":{"_acf_changed":false,"footnotes":""},"class_list":["post-8117","page","type-page","status-publish","has-post-thumbnail","hentry"],"acf":[],"_links":{"self":[{"href":"https:\/\/ghibli.hu\/en\/wp-json\/wp\/v2\/pages\/8117","targetHints":{"allow":["GET"]}}],"collection":[{"href":"https:\/\/ghibli.hu\/en\/wp-json\/wp\/v2\/pages"}],"about":[{"href":"https:\/\/ghibli.hu\/en\/wp-json\/wp\/v2\/types\/page"}],"author":[{"embeddable":true,"href":"https:\/\/ghibli.hu\/en\/wp-json\/wp\/v2\/users\/2"}],"replies":[{"embeddable":true,"href":"https:\/\/ghibli.hu\/en\/wp-json\/wp\/v2\/comments?post=8117"}],"version-history":[{"count":0,"href":"https:\/\/ghibli.hu\/en\/wp-json\/wp\/v2\/pages\/8117\/revisions"}],"up":[{"embeddable":true,"href":"https:\/\/ghibli.hu\/en\/wp-json\/wp\/v2\/pages\/8082"}],"wp:featuredmedia":[{"embeddable":true,"href":"https:\/\/ghibli.hu\/en\/wp-json\/wp\/v2\/media\/8075"}],"wp:attachment":[{"href":"https:\/\/ghibli.hu\/en\/wp-json\/wp\/v2\/media?parent=8117"}],"curies":[{"name":"wp","href":"https:\/\/api.w.org\/{rel}","templated":true}]}}